{"id":639,"date":"2024-12-03T17:08:41","date_gmt":"2024-12-03T17:08:41","guid":{"rendered":"https:\/\/hotel-gounod.com\/?page_id=639"},"modified":"2024-12-23T11:07:56","modified_gmt":"2024-12-23T11:07:56","slug":"alpilles-hotel","status":"publish","type":"page","link":"https:\/\/hotel-gounod.com\/en\/alpilles-hotel\/","title":{"rendered":"Alpilles Hotel"},"content":{"rendered":"","protected":false},"excerpt":{"rendered":"","protected":false},"author":1,"featured_media":409,"parent":0,"menu_order":0,"comment_status":"closed","ping_status":"closed","template":"","meta":{"footnotes":""},"class_list":["post-639","page","type-page","status-publish","has-post-thumbnail","czr-hentry"],"yoast_head":"<!-- This site is optimized with the Yoast SEO plugin v27.3 - https:\/\/yoast.com\/product\/yoast-seo-wordpress\/ -->\n<title>H\u00f4tel au coeur des Alpilles - H\u00f4tel Gounod<\/title>\n<meta name=\"description\" content=\"D\u00e9couvrez notre superbe h\u00f4tel au coeur des Alpilles - H\u00f4tel Gounod \u00e0 Saint-R\u00e9my de Provence - SITE OFFICIEL \u2713\" \/>\n<meta name=\"robots\" content=\"index, follow, max-snippet:-1, max-image-preview:large, max-video-preview:-1\" \/>\n<link rel=\"canonical\" href=\"https:\/\/hotel-gounod.com\/en\/alpilles-hotel\/\" \/>\n<meta property=\"og:locale\" content=\"en_GB\" \/>\n<meta property=\"og:type\" content=\"article\" \/>\n<meta property=\"og:title\" content=\"H\u00f4tel au coeur des Alpilles - H\u00f4tel Gounod\" \/>\n<meta property=\"og:description\" content=\"D\u00e9couvrez notre superbe h\u00f4tel au coeur des Alpilles - H\u00f4tel Gounod \u00e0 Saint-R\u00e9my de Provence - SITE OFFICIEL \u2713\" \/>\n<meta property=\"og:url\" content=\"https:\/\/hotel-gounod.com\/en\/alpilles-hotel\/\" \/>\n<meta property=\"og:site_name\" content=\"H\u00f4tel Gounod\" \/>\n<meta property=\"article:publisher\" content=\"https:\/\/www.facebook.com\/hotelgounod.saintremy\/\" \/>\n<meta property=\"article:modified_time\" content=\"2024-12-23T11:07:56+00:00\" \/>\n<meta property=\"og:image\" content=\"https:\/\/hotel-gounod.com\/wp-content\/uploads\/2024\/12\/DSC6248.jpg\" \/>\n\t<meta property=\"og:image:width\" content=\"2048\" \/>\n\t<meta property=\"og:image:height\" content=\"1363\" \/>\n\t<meta property=\"og:image:type\" content=\"image\/jpeg\" \/>\n<meta name=\"twitter:card\" content=\"summary_large_image\" \/>\n<meta name=\"twitter:label1\" content=\"Estimated reading time\" \/>\n\t<meta name=\"twitter:data1\" content=\"2 minutes\" \/>\n<script type=\"application\/ld+json\" class=\"yoast-schema-graph\">{\"@context\":\"https:\\\/\\\/schema.org\",\"@graph\":[{\"@type\":[\"WebPage\",\"SearchResultsPage\"],\"@id\":\"https:\\\/\\\/hotel-gounod.com\\\/en\\\/hotel-alpilles\\\/\",\"url\":\"https:\\\/\\\/hotel-gounod.com\\\/en\\\/hotel-alpilles\\\/\",\"name\":\"H\u00f4tel au coeur des Alpilles - H\u00f4tel Gounod\",\"isPartOf\":{\"@id\":\"https:\\\/\\\/hotel-gounod.com\\\/#website\"},\"primaryImageOfPage\":{\"@id\":\"https:\\\/\\\/hotel-gounod.com\\\/en\\\/hotel-alpilles\\\/#primaryimage\"},\"image\":{\"@id\":\"https:\\\/\\\/hotel-gounod.com\\\/en\\\/hotel-alpilles\\\/#primaryimage\"},\"thumbnailUrl\":\"https:\\\/\\\/hotel-gounod.com\\\/wp-content\\\/uploads\\\/2024\\\/12\\\/DSC6248.jpg\",\"datePublished\":\"2024-12-03T17:08:41+00:00\",\"dateModified\":\"2024-12-23T11:07:56+00:00\",\"description\":\"D\u00e9couvrez notre superbe h\u00f4tel au coeur des Alpilles - H\u00f4tel Gounod \u00e0 Saint-R\u00e9my de Provence - SITE OFFICIEL \u2713\",\"breadcrumb\":{\"@id\":\"https:\\\/\\\/hotel-gounod.com\\\/en\\\/hotel-alpilles\\\/#breadcrumb\"},\"inLanguage\":\"en-GB\",\"potentialAction\":[{\"@type\":\"ReadAction\",\"target\":[\"https:\\\/\\\/hotel-gounod.com\\\/en\\\/hotel-alpilles\\\/\"]}]},{\"@type\":\"ImageObject\",\"inLanguage\":\"en-GB\",\"@id\":\"https:\\\/\\\/hotel-gounod.com\\\/en\\\/hotel-alpilles\\\/#primaryimage\",\"url\":\"https:\\\/\\\/hotel-gounod.com\\\/wp-content\\\/uploads\\\/2024\\\/12\\\/DSC6248.jpg\",\"contentUrl\":\"https:\\\/\\\/hotel-gounod.com\\\/wp-content\\\/uploads\\\/2024\\\/12\\\/DSC6248.jpg\",\"width\":2048,\"height\":1363},{\"@type\":\"BreadcrumbList\",\"@id\":\"https:\\\/\\\/hotel-gounod.com\\\/en\\\/hotel-alpilles\\\/#breadcrumb\",\"itemListElement\":[{\"@type\":\"ListItem\",\"position\":1,\"name\":\"Accueil\",\"item\":\"https:\\\/\\\/hotel-gounod.com\\\/\"},{\"@type\":\"ListItem\",\"position\":2,\"name\":\"H\u00f4tel Alpilles\"}]},{\"@type\":\"WebSite\",\"@id\":\"https:\\\/\\\/hotel-gounod.com\\\/#website\",\"url\":\"https:\\\/\\\/hotel-gounod.com\\\/\",\"name\":\"H\u00f4tel Gounod\",\"description\":\"\",\"publisher\":{\"@id\":\"https:\\\/\\\/hotel-gounod.com\\\/#organization\"},\"potentialAction\":[{\"@type\":\"SearchAction\",\"target\":{\"@type\":\"EntryPoint\",\"urlTemplate\":\"https:\\\/\\\/hotel-gounod.com\\\/?s={search_term_string}\"},\"query-input\":{\"@type\":\"PropertyValueSpecification\",\"valueRequired\":true,\"valueName\":\"search_term_string\"}}],\"inLanguage\":\"en-GB\"},{\"@type\":\"Organization\",\"@id\":\"https:\\\/\\\/hotel-gounod.com\\\/#organization\",\"name\":\"H\u00f4tel Gounod\",\"url\":\"https:\\\/\\\/hotel-gounod.com\\\/\",\"logo\":{\"@type\":\"ImageObject\",\"inLanguage\":\"en-GB\",\"@id\":\"https:\\\/\\\/hotel-gounod.com\\\/#\\\/schema\\\/logo\\\/image\\\/\",\"url\":\"https:\\\/\\\/hotel-gounod.com\\\/wp-content\\\/uploads\\\/2024\\\/11\\\/cropped-noir-e1732784397939.png\",\"contentUrl\":\"https:\\\/\\\/hotel-gounod.com\\\/wp-content\\\/uploads\\\/2024\\\/11\\\/cropped-noir-e1732784397939.png\",\"width\":960,\"height\":560,\"caption\":\"H\u00f4tel Gounod\"},\"image\":{\"@id\":\"https:\\\/\\\/hotel-gounod.com\\\/#\\\/schema\\\/logo\\\/image\\\/\"},\"sameAs\":[\"https:\\\/\\\/www.facebook.com\\\/hotelgounod.saintremy\\\/\",\"https:\\\/\\\/www.instagram.com\\\/hotelgounod\\\/?hl=fr\"]}]}<\/script>\n<!-- \/ Yoast SEO plugin. -->","yoast_head_json":{"title":"Hotel in the heart of the Alpilles - H\u00f4tel Gounod","description":"Discover our superb hotel in the heart of the Alpilles - H\u00f4tel Gounod in Saint-R\u00e9my de Provence - OFFICIAL SITE \u2713","robots":{"index":"index","follow":"follow","max-snippet":"max-snippet:-1","max-image-preview":"max-image-preview:large","max-video-preview":"max-video-preview:-1"},"canonical":"https:\/\/hotel-gounod.com\/en\/alpilles-hotel\/","og_locale":"en_GB","og_type":"article","og_title":"H\u00f4tel au coeur des Alpilles - H\u00f4tel Gounod","og_description":"D\u00e9couvrez notre superbe h\u00f4tel au coeur des Alpilles - H\u00f4tel Gounod \u00e0 Saint-R\u00e9my de Provence - SITE OFFICIEL \u2713","og_url":"https:\/\/hotel-gounod.com\/en\/alpilles-hotel\/","og_site_name":"H\u00f4tel Gounod","article_publisher":"https:\/\/www.facebook.com\/hotelgounod.saintremy\/","article_modified_time":"2024-12-23T11:07:56+00:00","og_image":[{"width":2048,"height":1363,"url":"https:\/\/hotel-gounod.com\/wp-content\/uploads\/2024\/12\/DSC6248.jpg","type":"image\/jpeg"}],"twitter_card":"summary_large_image","twitter_misc":{"Estimated reading time":"2 minutes"},"schema":{"@context":"https:\/\/schema.org","@graph":[{"@type":["WebPage","SearchResultsPage"],"@id":"https:\/\/hotel-gounod.com\/en\/hotel-alpilles\/","url":"https:\/\/hotel-gounod.com\/en\/hotel-alpilles\/","name":"Hotel in the heart of the Alpilles - H\u00f4tel Gounod","isPartOf":{"@id":"https:\/\/hotel-gounod.com\/#website"},"primaryImageOfPage":{"@id":"https:\/\/hotel-gounod.com\/en\/hotel-alpilles\/#primaryimage"},"image":{"@id":"https:\/\/hotel-gounod.com\/en\/hotel-alpilles\/#primaryimage"},"thumbnailUrl":"https:\/\/hotel-gounod.com\/wp-content\/uploads\/2024\/12\/DSC6248.jpg","datePublished":"2024-12-03T17:08:41+00:00","dateModified":"2024-12-23T11:07:56+00:00","description":"Discover our superb hotel in the heart of the Alpilles - H\u00f4tel Gounod in Saint-R\u00e9my de Provence - OFFICIAL SITE \u2713","breadcrumb":{"@id":"https:\/\/hotel-gounod.com\/en\/hotel-alpilles\/#breadcrumb"},"inLanguage":"en-GB","potentialAction":[{"@type":"ReadAction","target":["https:\/\/hotel-gounod.com\/en\/hotel-alpilles\/"]}]},{"@type":"ImageObject","inLanguage":"en-GB","@id":"https:\/\/hotel-gounod.com\/en\/hotel-alpilles\/#primaryimage","url":"https:\/\/hotel-gounod.com\/wp-content\/uploads\/2024\/12\/DSC6248.jpg","contentUrl":"https:\/\/hotel-gounod.com\/wp-content\/uploads\/2024\/12\/DSC6248.jpg","width":2048,"height":1363},{"@type":"BreadcrumbList","@id":"https:\/\/hotel-gounod.com\/en\/hotel-alpilles\/#breadcrumb","itemListElement":[{"@type":"ListItem","position":1,"name":"Accueil","item":"https:\/\/hotel-gounod.com\/"},{"@type":"ListItem","position":2,"name":"H\u00f4tel Alpilles"}]},{"@type":"WebSite","@id":"https:\/\/hotel-gounod.com\/#website","url":"https:\/\/hotel-gounod.com\/","name":"H\u00f4tel Gounod","description":"","publisher":{"@id":"https:\/\/hotel-gounod.com\/#organization"},"potentialAction":[{"@type":"SearchAction","target":{"@type":"EntryPoint","urlTemplate":"https:\/\/hotel-gounod.com\/?s={search_term_string}"},"query-input":{"@type":"PropertyValueSpecification","valueRequired":true,"valueName":"search_term_string"}}],"inLanguage":"en-GB"},{"@type":"Organization","@id":"https:\/\/hotel-gounod.com\/#organization","name":"H\u00f4tel Gounod","url":"https:\/\/hotel-gounod.com\/","logo":{"@type":"ImageObject","inLanguage":"en-GB","@id":"https:\/\/hotel-gounod.com\/#\/schema\/logo\/image\/","url":"https:\/\/hotel-gounod.com\/wp-content\/uploads\/2024\/11\/cropped-noir-e1732784397939.png","contentUrl":"https:\/\/hotel-gounod.com\/wp-content\/uploads\/2024\/11\/cropped-noir-e1732784397939.png","width":960,"height":560,"caption":"H\u00f4tel Gounod"},"image":{"@id":"https:\/\/hotel-gounod.com\/#\/schema\/logo\/image\/"},"sameAs":["https:\/\/www.facebook.com\/hotelgounod.saintremy\/","https:\/\/www.instagram.com\/hotelgounod\/?hl=fr"]}]}},"_links":{"self":[{"href":"https:\/\/hotel-gounod.com\/en\/wp-json\/wp\/v2\/pages\/639","targetHints":{"allow":["GET"]}}],"collection":[{"href":"https:\/\/hotel-gounod.com\/en\/wp-json\/wp\/v2\/pages"}],"about":[{"href":"https:\/\/hotel-gounod.com\/en\/wp-json\/wp\/v2\/types\/page"}],"author":[{"embeddable":true,"href":"https:\/\/hotel-gounod.com\/en\/wp-json\/wp\/v2\/users\/1"}],"replies":[{"embeddable":true,"href":"https:\/\/hotel-gounod.com\/en\/wp-json\/wp\/v2\/comments?post=639"}],"version-history":[{"count":2,"href":"https:\/\/hotel-gounod.com\/en\/wp-json\/wp\/v2\/pages\/639\/revisions"}],"predecessor-version":[{"id":646,"href":"https:\/\/hotel-gounod.com\/en\/wp-json\/wp\/v2\/pages\/639\/revisions\/646"}],"wp:featuredmedia":[{"embeddable":true,"href":"https:\/\/hotel-gounod.com\/en\/wp-json\/wp\/v2\/media\/409"}],"wp:attachment":[{"href":"https:\/\/hotel-gounod.com\/en\/wp-json\/wp\/v2\/media?parent=639"}],"curies":[{"name":"wp","href":"https:\/\/api.w.org\/{rel}","templated":true}]}}