{"id":1483,"date":"2025-06-11T07:22:20","date_gmt":"2025-06-11T07:22:20","guid":{"rendered":"https:\/\/hotel-gounod.com\/?page_id=1483"},"modified":"2025-06-11T07:26:06","modified_gmt":"2025-06-11T07:26:06","slug":"hotel-centre-ville-saint-remy-de-provence","status":"publish","type":"page","link":"https:\/\/hotel-gounod.com\/en\/hotel-centre-ville-saint-remy-de-provence\/","title":{"rendered":"H\u00f4tel centre ville Saint-R\u00e9my de Provence"},"content":{"rendered":"","protected":false},"excerpt":{"rendered":"","protected":false},"author":1,"featured_media":1112,"parent":0,"menu_order":0,"comment_status":"closed","ping_status":"closed","template":"","meta":{"footnotes":""},"class_list":["post-1483","page","type-page","status-publish","has-post-thumbnail","czr-hentry"],"yoast_head":"<!-- This site is optimized with the Yoast SEO plugin v27.3 - https:\/\/yoast.com\/product\/yoast-seo-wordpress\/ -->\n<title>H\u00f4tel centre ville Saint-R\u00e9my de Provence - H\u00f4tel Gounod<\/title>\n<meta name=\"description\" content=\"H\u00f4tel Gounod - H\u00f4tel 3*** de charme avec piscine dans le centre ville de Saint-R\u00e9my de Provence\" \/>\n<meta name=\"robots\" content=\"index, follow, max-snippet:-1, max-image-preview:large, max-video-preview:-1\" \/>\n<link rel=\"canonical\" href=\"https:\/\/hotel-gounod.com\/en\/hotel-centre-ville-saint-remy-de-provence\/\" \/>\n<meta property=\"og:locale\" content=\"en_GB\" \/>\n<meta property=\"og:type\" content=\"article\" \/>\n<meta property=\"og:title\" content=\"H\u00f4tel centre ville Saint-R\u00e9my de Provence - H\u00f4tel Gounod\" \/>\n<meta property=\"og:description\" content=\"H\u00f4tel Gounod - H\u00f4tel 3*** de charme avec piscine dans le centre ville de Saint-R\u00e9my de Provence\" \/>\n<meta property=\"og:url\" content=\"https:\/\/hotel-gounod.com\/en\/hotel-centre-ville-saint-remy-de-provence\/\" \/>\n<meta property=\"og:site_name\" content=\"H\u00f4tel Gounod\" \/>\n<meta property=\"article:publisher\" content=\"https:\/\/www.facebook.com\/hotelgounod.saintremy\/\" \/>\n<meta property=\"article:modified_time\" content=\"2025-06-11T07:26:06+00:00\" \/>\n<meta property=\"og:image\" content=\"https:\/\/hotel-gounod.com\/wp-content\/uploads\/2024\/12\/DSC6236-scaled-e1734508852817.jpg\" \/>\n\t<meta property=\"og:image:width\" content=\"1702\" \/>\n\t<meta property=\"og:image:height\" content=\"1881\" \/>\n\t<meta property=\"og:image:type\" content=\"image\/jpeg\" \/>\n<meta name=\"twitter:card\" content=\"summary_large_image\" \/>\n<meta name=\"twitter:label1\" content=\"Estimated reading time\" \/>\n\t<meta name=\"twitter:data1\" content=\"3 minutes\" \/>\n<script type=\"application\/ld+json\" class=\"yoast-schema-graph\">{\"@context\":\"https:\\\/\\\/schema.org\",\"@graph\":[{\"@type\":\"WebPage\",\"@id\":\"https:\\\/\\\/hotel-gounod.com\\\/hotel-centre-ville-saint-remy-de-provence\\\/\",\"url\":\"https:\\\/\\\/hotel-gounod.com\\\/hotel-centre-ville-saint-remy-de-provence\\\/\",\"name\":\"H\u00f4tel centre ville Saint-R\u00e9my de Provence - H\u00f4tel Gounod\",\"isPartOf\":{\"@id\":\"https:\\\/\\\/hotel-gounod.com\\\/#website\"},\"primaryImageOfPage\":{\"@id\":\"https:\\\/\\\/hotel-gounod.com\\\/hotel-centre-ville-saint-remy-de-provence\\\/#primaryimage\"},\"image\":{\"@id\":\"https:\\\/\\\/hotel-gounod.com\\\/hotel-centre-ville-saint-remy-de-provence\\\/#primaryimage\"},\"thumbnailUrl\":\"https:\\\/\\\/hotel-gounod.com\\\/wp-content\\\/uploads\\\/2024\\\/12\\\/DSC6236-scaled-e1734508852817.jpg\",\"datePublished\":\"2025-06-11T07:22:20+00:00\",\"dateModified\":\"2025-06-11T07:26:06+00:00\",\"description\":\"H\u00f4tel Gounod - H\u00f4tel 3*** de charme avec piscine dans le centre ville de Saint-R\u00e9my de Provence\",\"breadcrumb\":{\"@id\":\"https:\\\/\\\/hotel-gounod.com\\\/hotel-centre-ville-saint-remy-de-provence\\\/#breadcrumb\"},\"inLanguage\":\"en-GB\",\"potentialAction\":[{\"@type\":\"ReadAction\",\"target\":[\"https:\\\/\\\/hotel-gounod.com\\\/hotel-centre-ville-saint-remy-de-provence\\\/\"]}]},{\"@type\":\"ImageObject\",\"inLanguage\":\"en-GB\",\"@id\":\"https:\\\/\\\/hotel-gounod.com\\\/hotel-centre-ville-saint-remy-de-provence\\\/#primaryimage\",\"url\":\"https:\\\/\\\/hotel-gounod.com\\\/wp-content\\\/uploads\\\/2024\\\/12\\\/DSC6236-scaled-e1734508852817.jpg\",\"contentUrl\":\"https:\\\/\\\/hotel-gounod.com\\\/wp-content\\\/uploads\\\/2024\\\/12\\\/DSC6236-scaled-e1734508852817.jpg\",\"width\":1702,\"height\":1881},{\"@type\":\"BreadcrumbList\",\"@id\":\"https:\\\/\\\/hotel-gounod.com\\\/hotel-centre-ville-saint-remy-de-provence\\\/#breadcrumb\",\"itemListElement\":[{\"@type\":\"ListItem\",\"position\":1,\"name\":\"Accueil\",\"item\":\"https:\\\/\\\/hotel-gounod.com\\\/\"},{\"@type\":\"ListItem\",\"position\":2,\"name\":\"H\u00f4tel centre ville Saint-R\u00e9my de Provence\"}]},{\"@type\":\"WebSite\",\"@id\":\"https:\\\/\\\/hotel-gounod.com\\\/#website\",\"url\":\"https:\\\/\\\/hotel-gounod.com\\\/\",\"name\":\"H\u00f4tel Gounod\",\"description\":\"\",\"publisher\":{\"@id\":\"https:\\\/\\\/hotel-gounod.com\\\/#organization\"},\"potentialAction\":[{\"@type\":\"SearchAction\",\"target\":{\"@type\":\"EntryPoint\",\"urlTemplate\":\"https:\\\/\\\/hotel-gounod.com\\\/?s={search_term_string}\"},\"query-input\":{\"@type\":\"PropertyValueSpecification\",\"valueRequired\":true,\"valueName\":\"search_term_string\"}}],\"inLanguage\":\"en-GB\"},{\"@type\":\"Organization\",\"@id\":\"https:\\\/\\\/hotel-gounod.com\\\/#organization\",\"name\":\"H\u00f4tel Gounod\",\"url\":\"https:\\\/\\\/hotel-gounod.com\\\/\",\"logo\":{\"@type\":\"ImageObject\",\"inLanguage\":\"en-GB\",\"@id\":\"https:\\\/\\\/hotel-gounod.com\\\/#\\\/schema\\\/logo\\\/image\\\/\",\"url\":\"https:\\\/\\\/hotel-gounod.com\\\/wp-content\\\/uploads\\\/2024\\\/11\\\/cropped-noir-e1732784397939.png\",\"contentUrl\":\"https:\\\/\\\/hotel-gounod.com\\\/wp-content\\\/uploads\\\/2024\\\/11\\\/cropped-noir-e1732784397939.png\",\"width\":960,\"height\":560,\"caption\":\"H\u00f4tel Gounod\"},\"image\":{\"@id\":\"https:\\\/\\\/hotel-gounod.com\\\/#\\\/schema\\\/logo\\\/image\\\/\"},\"sameAs\":[\"https:\\\/\\\/www.facebook.com\\\/hotelgounod.saintremy\\\/\",\"https:\\\/\\\/www.instagram.com\\\/hotelgounod\\\/?hl=fr\"]}]}<\/script>\n<!-- \/ Yoast SEO plugin. -->","yoast_head_json":{"title":"H\u00f4tel centre ville Saint-R\u00e9my de Provence - H\u00f4tel Gounod","description":"H\u00f4tel Gounod - H\u00f4tel 3*** de charme avec piscine dans le centre ville de Saint-R\u00e9my de Provence","robots":{"index":"index","follow":"follow","max-snippet":"max-snippet:-1","max-image-preview":"max-image-preview:large","max-video-preview":"max-video-preview:-1"},"canonical":"https:\/\/hotel-gounod.com\/en\/hotel-centre-ville-saint-remy-de-provence\/","og_locale":"en_GB","og_type":"article","og_title":"H\u00f4tel centre ville Saint-R\u00e9my de Provence - H\u00f4tel Gounod","og_description":"H\u00f4tel Gounod - H\u00f4tel 3*** de charme avec piscine dans le centre ville de Saint-R\u00e9my de Provence","og_url":"https:\/\/hotel-gounod.com\/en\/hotel-centre-ville-saint-remy-de-provence\/","og_site_name":"H\u00f4tel Gounod","article_publisher":"https:\/\/www.facebook.com\/hotelgounod.saintremy\/","article_modified_time":"2025-06-11T07:26:06+00:00","og_image":[{"width":1702,"height":1881,"url":"https:\/\/hotel-gounod.com\/wp-content\/uploads\/2024\/12\/DSC6236-scaled-e1734508852817.jpg","type":"image\/jpeg"}],"twitter_card":"summary_large_image","twitter_misc":{"Estimated reading time":"3 minutes"},"schema":{"@context":"https:\/\/schema.org","@graph":[{"@type":"WebPage","@id":"https:\/\/hotel-gounod.com\/hotel-centre-ville-saint-remy-de-provence\/","url":"https:\/\/hotel-gounod.com\/hotel-centre-ville-saint-remy-de-provence\/","name":"H\u00f4tel centre ville Saint-R\u00e9my de Provence - H\u00f4tel Gounod","isPartOf":{"@id":"https:\/\/hotel-gounod.com\/#website"},"primaryImageOfPage":{"@id":"https:\/\/hotel-gounod.com\/hotel-centre-ville-saint-remy-de-provence\/#primaryimage"},"image":{"@id":"https:\/\/hotel-gounod.com\/hotel-centre-ville-saint-remy-de-provence\/#primaryimage"},"thumbnailUrl":"https:\/\/hotel-gounod.com\/wp-content\/uploads\/2024\/12\/DSC6236-scaled-e1734508852817.jpg","datePublished":"2025-06-11T07:22:20+00:00","dateModified":"2025-06-11T07:26:06+00:00","description":"H\u00f4tel Gounod - H\u00f4tel 3*** de charme avec piscine dans le centre ville de Saint-R\u00e9my de Provence","breadcrumb":{"@id":"https:\/\/hotel-gounod.com\/hotel-centre-ville-saint-remy-de-provence\/#breadcrumb"},"inLanguage":"en-GB","potentialAction":[{"@type":"ReadAction","target":["https:\/\/hotel-gounod.com\/hotel-centre-ville-saint-remy-de-provence\/"]}]},{"@type":"ImageObject","inLanguage":"en-GB","@id":"https:\/\/hotel-gounod.com\/hotel-centre-ville-saint-remy-de-provence\/#primaryimage","url":"https:\/\/hotel-gounod.com\/wp-content\/uploads\/2024\/12\/DSC6236-scaled-e1734508852817.jpg","contentUrl":"https:\/\/hotel-gounod.com\/wp-content\/uploads\/2024\/12\/DSC6236-scaled-e1734508852817.jpg","width":1702,"height":1881},{"@type":"BreadcrumbList","@id":"https:\/\/hotel-gounod.com\/hotel-centre-ville-saint-remy-de-provence\/#breadcrumb","itemListElement":[{"@type":"ListItem","position":1,"name":"Accueil","item":"https:\/\/hotel-gounod.com\/"},{"@type":"ListItem","position":2,"name":"H\u00f4tel centre ville Saint-R\u00e9my de Provence"}]},{"@type":"WebSite","@id":"https:\/\/hotel-gounod.com\/#website","url":"https:\/\/hotel-gounod.com\/","name":"H\u00f4tel Gounod","description":"","publisher":{"@id":"https:\/\/hotel-gounod.com\/#organization"},"potentialAction":[{"@type":"SearchAction","target":{"@type":"EntryPoint","urlTemplate":"https:\/\/hotel-gounod.com\/?s={search_term_string}"},"query-input":{"@type":"PropertyValueSpecification","valueRequired":true,"valueName":"search_term_string"}}],"inLanguage":"en-GB"},{"@type":"Organization","@id":"https:\/\/hotel-gounod.com\/#organization","name":"H\u00f4tel Gounod","url":"https:\/\/hotel-gounod.com\/","logo":{"@type":"ImageObject","inLanguage":"en-GB","@id":"https:\/\/hotel-gounod.com\/#\/schema\/logo\/image\/","url":"https:\/\/hotel-gounod.com\/wp-content\/uploads\/2024\/11\/cropped-noir-e1732784397939.png","contentUrl":"https:\/\/hotel-gounod.com\/wp-content\/uploads\/2024\/11\/cropped-noir-e1732784397939.png","width":960,"height":560,"caption":"H\u00f4tel Gounod"},"image":{"@id":"https:\/\/hotel-gounod.com\/#\/schema\/logo\/image\/"},"sameAs":["https:\/\/www.facebook.com\/hotelgounod.saintremy\/","https:\/\/www.instagram.com\/hotelgounod\/?hl=fr"]}]}},"_links":{"self":[{"href":"https:\/\/hotel-gounod.com\/en\/wp-json\/wp\/v2\/pages\/1483","targetHints":{"allow":["GET"]}}],"collection":[{"href":"https:\/\/hotel-gounod.com\/en\/wp-json\/wp\/v2\/pages"}],"about":[{"href":"https:\/\/hotel-gounod.com\/en\/wp-json\/wp\/v2\/types\/page"}],"author":[{"embeddable":true,"href":"https:\/\/hotel-gounod.com\/en\/wp-json\/wp\/v2\/users\/1"}],"replies":[{"embeddable":true,"href":"https:\/\/hotel-gounod.com\/en\/wp-json\/wp\/v2\/comments?post=1483"}],"version-history":[{"count":1,"href":"https:\/\/hotel-gounod.com\/en\/wp-json\/wp\/v2\/pages\/1483\/revisions"}],"predecessor-version":[{"id":1484,"href":"https:\/\/hotel-gounod.com\/en\/wp-json\/wp\/v2\/pages\/1483\/revisions\/1484"}],"wp:featuredmedia":[{"embeddable":true,"href":"https:\/\/hotel-gounod.com\/en\/wp-json\/wp\/v2\/media\/1112"}],"wp:attachment":[{"href":"https:\/\/hotel-gounod.com\/en\/wp-json\/wp\/v2\/media?parent=1483"}],"curies":[{"name":"wp","href":"https:\/\/api.w.org\/{rel}","templated":true}]}}